{"id":1371,"date":"2023-09-04T10:10:38","date_gmt":"2023-09-04T08:10:38","guid":{"rendered":"https:\/\/estudicraspedia.com\/dev\/sobre-helena\/"},"modified":"2023-11-23T12:31:19","modified_gmt":"2023-11-23T10:31:19","slug":"sobre-helena","status":"publish","type":"page","link":"https:\/\/estudicraspedia.com\/es\/sobre-helena\/","title":{"rendered":"Sobre mi"},"content":{"rendered":"\t\t<div data-elementor-type=\"wp-page\" data-elementor-id=\"1371\" class=\"elementor elementor-1371 elementor-2\" data-elementor-post-type=\"page\">\n\t\t\t\t<div class=\"elementor-element elementor-element-e095fa9 e-flex e-con-boxed e-con e-parent\" data-id=\"e095fa9\" data-element_type=\"container\" data-e-type=\"container\">\n\t\t\t\t\t<div class=\"e-con-inner\">\n\t\t<div class=\"elementor-element elementor-element-6ef047a e-con-full e-flex e-con e-child\" data-id=\"6ef047a\" data-element_type=\"container\" data-e-type=\"container\">\n\t\t\t\t<div class=\"elementor-element elementor-element-919988f elementor-widget elementor-widget-heading\" data-id=\"919988f\" data-element_type=\"widget\" data-e-type=\"widget\" data-widget_type=\"heading.default\">\n\t\t\t\t<div class=\"elementor-widget-container\">\n\t\t\t\t\t<h2 class=\"elementor-heading-title elementor-size-default\">Soy Helena, estilista floral y enamorada del mundo de las flores y la naturaleza.<\/h2>\t\t\t\t<\/div>\n\t\t\t\t<\/div>\n\t\t\t\t<div class=\"elementor-element elementor-element-af50e24 elementor-widget elementor-widget-text-editor\" data-id=\"af50e24\" data-element_type=\"widget\" data-e-type=\"widget\" data-widget_type=\"text-editor.default\">\n\t\t\t\t<div class=\"elementor-widget-container\">\n\t\t\t\t\t\t\t\t\t<p>Desde muy peque\u00f1a siempre me han encantado las flores y cada a\u00f1o, como buena gironina, por Temps de flors, recorr\u00eda toda la ciudad y disfrutaba de todos los rincones engalanados. Mi segunda pasi\u00f3n es el mundo de la construcci\u00f3n y eso me llev\u00f3 a estudiar Arquitectura T\u00e9cnica, especializ\u00e1ndome en la ejecuci\u00f3n a pie de obra.<\/p><p><br><\/p><p>A pesar de disfrutar de mi profesi\u00f3n, siempre sent\u00ed que necesitaba una parte m\u00e1s viva y creativa, y uniendo estos conceptos naci\u00f3 este estudio.<\/p>\t\t\t\t\t\t\t\t<\/div>\n\t\t\t\t<\/div>\n\t\t\t\t<div class=\"elementor-element elementor-element-1204a25 elementor-widget elementor-widget-button\" data-id=\"1204a25\" data-element_type=\"widget\" data-e-type=\"widget\" data-widget_type=\"button.default\">\n\t\t\t\t<div class=\"elementor-widget-container\">\n\t\t\t\t\t\t\t\t\t<div class=\"elementor-button-wrapper\">\n\t\t\t\t\t<a class=\"elementor-button elementor-button-link elementor-size-sm\" href=\"https:\/\/estudicraspedia.com\/es\/contacto\/\">\n\t\t\t\t\t\t<span class=\"elementor-button-content-wrapper\">\n\t\t\t\t\t\t\t\t\t<span class=\"elementor-button-text\">Cont\u00e1ctanos<\/span>\n\t\t\t\t\t<\/span>\n\t\t\t\t\t<\/a>\n\t\t\t\t<\/div>\n\t\t\t\t\t\t\t\t<\/div>\n\t\t\t\t<\/div>\n\t\t\t\t<\/div>\n\t\t<div class=\"elementor-element elementor-element-47876f0 e-flex e-con-boxed e-con e-child\" data-id=\"47876f0\" data-element_type=\"container\" data-e-type=\"container\">\n\t\t\t\t\t<div class=\"e-con-inner\">\n\t\t\t\t<div class=\"elementor-element elementor-element-a49ad98 elementor-widget elementor-widget-image\" data-id=\"a49ad98\" data-element_type=\"widget\" data-e-type=\"widget\" data-widget_type=\"image.default\">\n\t\t\t\t<div class=\"elementor-widget-container\">\n\t\t\t\t\t\t\t\t\t\t\t\t\t\t\t<img fetchpriority=\"high\" decoding=\"async\" width=\"640\" height=\"738\" src=\"https:\/\/estudicraspedia.com\/wp-content\/uploads\/2023\/09\/quisom_9_Shooting_St_Gregori-4-888x1024.jpg\" class=\"attachment-large size-large wp-image-1111\" alt=\"Helena Cebrian\" srcset=\"https:\/\/estudicraspedia.com\/wp-content\/uploads\/2023\/09\/quisom_9_Shooting_St_Gregori-4-888x1024.jpg 888w, https:\/\/estudicraspedia.com\/wp-content\/uploads\/2023\/09\/quisom_9_Shooting_St_Gregori-4-260x300.jpg 260w, https:\/\/estudicraspedia.com\/wp-content\/uploads\/2023\/09\/quisom_9_Shooting_St_Gregori-4-768x886.jpg 768w, https:\/\/estudicraspedia.com\/wp-content\/uploads\/2023\/09\/quisom_9_Shooting_St_Gregori-4.jpg 954w\" sizes=\"(max-width: 640px) 100vw, 640px\" \/>\t\t\t\t\t\t\t\t\t\t\t\t\t\t\t<\/div>\n\t\t\t\t<\/div>\n\t\t\t\t\t<\/div>\n\t\t\t\t<\/div>\n\t\t\t\t\t<\/div>\n\t\t\t\t<\/div>\n\t\t<div class=\"elementor-element elementor-element-b9f8318 e-flex e-con-boxed e-con e-parent\" data-id=\"b9f8318\" data-element_type=\"container\" data-e-type=\"container\">\n\t\t\t\t\t<div class=\"e-con-inner\">\n\t\t\t\t<div class=\"elementor-element elementor-element-a660d23 elementor-widget-divider--view-line elementor-widget elementor-widget-divider\" data-id=\"a660d23\" data-element_type=\"widget\" data-e-type=\"widget\" data-widget_type=\"divider.default\">\n\t\t\t\t<div class=\"elementor-widget-container\">\n\t\t\t\t\t\t\t<div class=\"elementor-divider\">\n\t\t\t<span class=\"elementor-divider-separator\">\n\t\t\t\t\t\t<\/span>\n\t\t<\/div>\n\t\t\t\t\t\t<\/div>\n\t\t\t\t<\/div>\n\t\t\t\t<div class=\"elementor-element elementor-element-ea407b6 elementor-widget elementor-widget-heading\" data-id=\"ea407b6\" data-element_type=\"widget\" data-e-type=\"widget\" data-widget_type=\"heading.default\">\n\t\t\t\t<div class=\"elementor-widget-container\">\n\t\t\t\t\t<h2 class=\"elementor-heading-title elementor-size-default\">SOBRE EL ESTUDIO<\/h2>\t\t\t\t<\/div>\n\t\t\t\t<\/div>\n\t\t\t\t<div class=\"elementor-element elementor-element-ca481fc elementor-widget__width-initial elementor-widget elementor-widget-heading\" data-id=\"ca481fc\" data-element_type=\"widget\" data-e-type=\"widget\" data-widget_type=\"heading.default\">\n\t\t\t\t<div class=\"elementor-widget-container\">\n\t\t\t\t\t<h2 class=\"elementor-heading-title elementor-size-default\">Estudi Craspedia es el resultado de la uni\u00f3n de mis pasiones, sue\u00f1os, conocimientos y habilidades, a partir de los cuales quiero emocionar y crear recuerdos.<\/h2>\t\t\t\t<\/div>\n\t\t\t\t<\/div>\n\t\t\t\t<div class=\"elementor-element elementor-element-083e659 elementor-widget__width-initial elementor-widget elementor-widget-text-editor\" data-id=\"083e659\" data-element_type=\"widget\" data-e-type=\"widget\" data-widget_type=\"text-editor.default\">\n\t\t\t\t<div class=\"elementor-widget-container\">\n\t\t\t\t\t\t\t\t\t<p>En Estudi Caspedia estamos especialidades en estilismo y decoraci\u00f3n floral para bodas y evento de todo tipo y nuestra principal finalidad es emocionar y crear recuerdos con las flores como medio. Con nuestra formaci\u00f3n en diferentes disciplinas relacionadas con la florister\u00eda, el estilismo y la arquitectura, buscamos que nuestras creaciones representen la belleza y la imperfecci\u00f3n de la naturaleza, con resultados muy delicados y con movimiento, que emocionen.<\/p>\t\t\t\t\t\t\t\t<\/div>\n\t\t\t\t<\/div>\n\t\t\t\t<div class=\"elementor-element elementor-element-7026ba0 elementor-widget elementor-widget-button\" data-id=\"7026ba0\" data-element_type=\"widget\" data-e-type=\"widget\" data-widget_type=\"button.default\">\n\t\t\t\t<div class=\"elementor-widget-container\">\n\t\t\t\t\t\t\t\t\t<div class=\"elementor-button-wrapper\">\n\t\t\t\t\t<a class=\"elementor-button elementor-button-link elementor-size-sm\" href=\"https:\/\/estudicraspedia.com\/es\/portfolio\/\">\n\t\t\t\t\t\t<span class=\"elementor-button-content-wrapper\">\n\t\t\t\t\t\t\t\t\t<span class=\"elementor-button-text\">Porfolio de proyectos<\/span>\n\t\t\t\t\t<\/span>\n\t\t\t\t\t<\/a>\n\t\t\t\t<\/div>\n\t\t\t\t\t\t\t\t<\/div>\n\t\t\t\t<\/div>\n\t\t<div class=\"elementor-element elementor-element-0d546a6 e-flex e-con-boxed e-con e-child\" data-id=\"0d546a6\" data-element_type=\"container\" data-e-type=\"container\">\n\t\t\t\t\t<div class=\"e-con-inner\">\n\t\t\t\t<div class=\"elementor-element elementor-element-5dfa456 elementor-widget__width-initial elementor-widget elementor-widget-image\" data-id=\"5dfa456\" data-element_type=\"widget\" data-e-type=\"widget\" data-widget_type=\"image.default\">\n\t\t\t\t<div class=\"elementor-widget-container\">\n\t\t\t\t\t\t\t\t\t\t\t\t\t\t\t<img decoding=\"async\" width=\"1372\" height=\"1441\" src=\"https:\/\/estudicraspedia.com\/wp-content\/uploads\/2023\/11\/estudi-01.webp\" class=\"attachment-full size-full wp-image-1704\" alt=\"\" srcset=\"https:\/\/estudicraspedia.com\/wp-content\/uploads\/2023\/11\/estudi-01.webp 1372w, https:\/\/estudicraspedia.com\/wp-content\/uploads\/2023\/11\/estudi-01-286x300.webp 286w, https:\/\/estudicraspedia.com\/wp-content\/uploads\/2023\/11\/estudi-01-975x1024.webp 975w, https:\/\/estudicraspedia.com\/wp-content\/uploads\/2023\/11\/estudi-01-768x807.webp 768w\" sizes=\"(max-width: 1372px) 100vw, 1372px\" \/>\t\t\t\t\t\t\t\t\t\t\t\t\t\t\t<\/div>\n\t\t\t\t<\/div>\n\t\t\t\t<div class=\"elementor-element elementor-element-bb32453 elementor-widget elementor-widget-image\" data-id=\"bb32453\" data-element_type=\"widget\" data-e-type=\"widget\" data-widget_type=\"image.default\">\n\t\t\t\t<div class=\"elementor-widget-container\">\n\t\t\t\t\t\t\t\t\t\t\t\t\t\t\t<img decoding=\"async\" width=\"684\" height=\"721\" src=\"https:\/\/estudicraspedia.com\/wp-content\/uploads\/2023\/09\/quisom_Rectangle-8.jpg\" class=\"attachment-full size-full wp-image-1161\" alt=\"emocionar i crear records amb les flors\" srcset=\"https:\/\/estudicraspedia.com\/wp-content\/uploads\/2023\/09\/quisom_Rectangle-8.jpg 684w, https:\/\/estudicraspedia.com\/wp-content\/uploads\/2023\/09\/quisom_Rectangle-8-285x300.jpg 285w\" sizes=\"(max-width: 684px) 100vw, 684px\" \/>\t\t\t\t\t\t\t\t\t\t\t\t\t\t\t<\/div>\n\t\t\t\t<\/div>\n\t\t\t\t<div class=\"elementor-element elementor-element-6d47443 elementor-widget elementor-widget-image\" data-id=\"6d47443\" data-element_type=\"widget\" data-e-type=\"widget\" data-widget_type=\"image.default\">\n\t\t\t\t<div class=\"elementor-widget-container\">\n\t\t\t\t\t\t\t\t\t\t\t\t\t\t\t<img loading=\"lazy\" decoding=\"async\" width=\"686\" height=\"721\" src=\"https:\/\/estudicraspedia.com\/wp-content\/uploads\/2023\/09\/quisom_Rectangle-9.jpg\" class=\"attachment-full size-full wp-image-1162\" alt=\"emocionar i crear records amb les flors\" srcset=\"https:\/\/estudicraspedia.com\/wp-content\/uploads\/2023\/09\/quisom_Rectangle-9.jpg 686w, https:\/\/estudicraspedia.com\/wp-content\/uploads\/2023\/09\/quisom_Rectangle-9-285x300.jpg 285w\" sizes=\"(max-width: 686px) 100vw, 686px\" \/>\t\t\t\t\t\t\t\t\t\t\t\t\t\t\t<\/div>\n\t\t\t\t<\/div>\n\t\t\t\t\t<\/div>\n\t\t\t\t<\/div>\n\t\t\t\t\t<\/div>\n\t\t\t\t<\/div>\n\t\t<div class=\"elementor-element elementor-element-ab1504a e-con-full e-flex e-con e-parent\" data-id=\"ab1504a\" data-element_type=\"container\" data-e-type=\"container\" data-settings=\"{&quot;background_background&quot;:&quot;classic&quot;}\">\n\t\t\t\t<div class=\"elementor-element elementor-element-220a485 elementor-widget elementor-widget-heading\" data-id=\"220a485\" data-element_type=\"widget\" data-e-type=\"widget\" data-widget_type=\"heading.default\">\n\t\t\t\t<div class=\"elementor-widget-container\">\n\t\t\t\t\t<h2 class=\"elementor-heading-title elementor-size-default\">\u00bfQU\u00c9 NOS DIFERENCIA?<\/h2>\t\t\t\t<\/div>\n\t\t\t\t<\/div>\n\t\t<div class=\"elementor-element elementor-element-e9ab0ec e-flex e-con-boxed e-con e-child\" data-id=\"e9ab0ec\" data-element_type=\"container\" data-e-type=\"container\">\n\t\t\t\t\t<div class=\"e-con-inner\">\n\t\t\t\t<div class=\"elementor-element elementor-element-63f5a46 elementor-widget elementor-widget-text-editor\" data-id=\"63f5a46\" data-element_type=\"widget\" data-e-type=\"widget\" data-widget_type=\"text-editor.default\">\n\t\t\t\t<div class=\"elementor-widget-container\">\n\t\t\t\t\t\t\t\t\t<h3>Sostenibilidad<\/h3><p>Intentamos evitar al m\u00e1ximo los pl\u00e1sticos y reutilizar materiales. Seguimos el movimiento \u00abFoam-free\u00bb evitando las tan conocidas y t\u00f3xicas espumas de florister\u00eda.<\/p>\t\t\t\t\t\t\t\t<\/div>\n\t\t\t\t<\/div>\n\t\t\t\t<div class=\"elementor-element elementor-element-48f8d6b elementor-widget elementor-widget-text-editor\" data-id=\"48f8d6b\" data-element_type=\"widget\" data-e-type=\"widget\" data-widget_type=\"text-editor.default\">\n\t\t\t\t<div class=\"elementor-widget-container\">\n\t\t\t\t\t\t\t\t\t<h3>Arquitectura<\/h3><p>Nuestra formaci\u00f3n en arquitectura nos ha permitido realizar composiciones que pueden llegar a desafiar la gravedad sin utilizar grandes infraestructuras.<\/p>\t\t\t\t\t\t\t\t<\/div>\n\t\t\t\t<\/div>\n\t\t\t\t<div class=\"elementor-element elementor-element-711d361 elementor-widget elementor-widget-text-editor\" data-id=\"711d361\" data-element_type=\"widget\" data-e-type=\"widget\" data-widget_type=\"text-editor.default\">\n\t\t\t\t<div class=\"elementor-widget-container\">\n\t\t\t\t\t\t\t\t\t<h3>Est\u00e9tica natural<\/h3><p>Buscamos que nuestras creaciones representen la belleza y la imperfecci\u00f3n de la naturaleza, consiguiendo resultados delicados y con mucho movimiento.<\/p>\t\t\t\t\t\t\t\t<\/div>\n\t\t\t\t<\/div>\n\t\t\t\t\t<\/div>\n\t\t\t\t<\/div>\n\t\t\t\t<div class=\"elementor-element elementor-element-c2f1f07 elementor-align-center elementor-widget elementor-widget-button\" data-id=\"c2f1f07\" data-element_type=\"widget\" data-e-type=\"widget\" data-widget_type=\"button.default\">\n\t\t\t\t<div class=\"elementor-widget-container\">\n\t\t\t\t\t\t\t\t\t<div class=\"elementor-button-wrapper\">\n\t\t\t\t\t<a class=\"elementor-button elementor-button-link elementor-size-sm\" href=\"https:\/\/estudicraspedia.com\/es\/servicios\/\">\n\t\t\t\t\t\t<span class=\"elementor-button-content-wrapper\">\n\t\t\t\t\t\t\t\t\t<span class=\"elementor-button-text\">Nuestros servicios<\/span>\n\t\t\t\t\t<\/span>\n\t\t\t\t\t<\/a>\n\t\t\t\t<\/div>\n\t\t\t\t\t\t\t\t<\/div>\n\t\t\t\t<\/div>\n\t\t\t\t<\/div>\n\t\t<div class=\"elementor-element elementor-element-48c5421 e-flex e-con-boxed e-con e-parent\" data-id=\"48c5421\" data-element_type=\"container\" data-e-type=\"container\" data-settings=\"{&quot;background_background&quot;:&quot;classic&quot;}\">\n\t\t\t\t\t<div class=\"e-con-inner\">\n\t\t\t\t\t<\/div>\n\t\t\t\t<\/div>\n\t\t\t\t<\/div>\n\t\t","protected":false},"excerpt":{"rendered":"<p>Soy Helena, estilista floral y enamorada del mundo de las flores y la naturaleza. Desde muy peque\u00f1a siempre me han encantado las flores y cada a\u00f1o, como buena gironina, por Temps de flors, recorr\u00eda toda la ciudad y disfrutaba de todos los rincones engalanados. Mi segunda pasi\u00f3n es el mundo de la construcci\u00f3n y eso [&hellip;]<\/p>\n","protected":false},"author":1,"featured_media":0,"parent":0,"menu_order":0,"comment_status":"closed","ping_status":"closed","template":"","meta":{"_acf_changed":false,"footnotes":""},"class_list":["post-1371","page","type-page","status-publish","hentry"],"acf":[],"yoast_head":"<!-- This site is optimized with the Yoast SEO plugin v27.3 - https:\/\/yoast.com\/product\/yoast-seo-wordpress\/ -->\n<title>Sobre mi | Estudi Craspedia<\/title>\n<meta name=\"description\" content=\"Sostenibilidad, arquitectura y est\u00e9tica natural. La uni\u00f3n de mis pasiones, conocimientos y habilidades, por emocionar y crear recuerdos.\" \/>\n<meta name=\"robots\" content=\"index, follow, max-snippet:-1, max-image-preview:large, max-video-preview:-1\" \/>\n<link rel=\"canonical\" href=\"https:\/\/estudicraspedia.com\/sobre-mi\/\" \/>\n<meta property=\"og:locale\" content=\"es_ES\" \/>\n<meta property=\"og:type\" content=\"article\" \/>\n<meta property=\"og:title\" content=\"Sobre mi | Estudi Craspedia\" \/>\n<meta property=\"og:description\" content=\"Sostenibilidad, arquitectura y est\u00e9tica natural. La uni\u00f3n de mis pasiones, conocimientos y habilidades, por emocionar y crear recuerdos.\" \/>\n<meta property=\"og:url\" content=\"https:\/\/estudicraspedia.com\/sobre-mi\/\" \/>\n<meta property=\"og:site_name\" content=\"Estudi Craspedia\" \/>\n<meta property=\"article:publisher\" content=\"https:\/\/www.facebook.com\/estudicraspedia\" \/>\n<meta property=\"article:modified_time\" content=\"2023-11-23T10:31:19+00:00\" \/>\n<meta property=\"og:image\" content=\"https:\/\/estudicraspedia.com\/wp-content\/uploads\/2023\/09\/quisom_9_Shooting_St_Gregori-4-888x1024.jpg\" \/>\n<meta name=\"twitter:card\" content=\"summary_large_image\" \/>\n<meta name=\"twitter:label1\" content=\"Tiempo de lectura\" \/>\n\t<meta name=\"twitter:data1\" content=\"1 minuto\" \/>\n<script type=\"application\/ld+json\" class=\"yoast-schema-graph\">{\"@context\":\"https:\\\/\\\/schema.org\",\"@graph\":[{\"@type\":\"WebPage\",\"@id\":\"https:\\\/\\\/estudicraspedia.com\\\/sobre-mi\\\/\",\"url\":\"https:\\\/\\\/estudicraspedia.com\\\/sobre-mi\\\/\",\"name\":\"Sobre mi | Estudi Craspedia\",\"isPartOf\":{\"@id\":\"https:\\\/\\\/estudicraspedia.com\\\/#website\"},\"primaryImageOfPage\":{\"@id\":\"https:\\\/\\\/estudicraspedia.com\\\/sobre-mi\\\/#primaryimage\"},\"image\":{\"@id\":\"https:\\\/\\\/estudicraspedia.com\\\/sobre-mi\\\/#primaryimage\"},\"thumbnailUrl\":\"https:\\\/\\\/estudicraspedia.com\\\/wp-content\\\/uploads\\\/2023\\\/09\\\/quisom_9_Shooting_St_Gregori-4-888x1024.jpg\",\"datePublished\":\"2023-09-04T08:10:38+00:00\",\"dateModified\":\"2023-11-23T10:31:19+00:00\",\"description\":\"Sostenibilidad, arquitectura y est\u00e9tica natural. La uni\u00f3n de mis pasiones, conocimientos y habilidades, por emocionar y crear recuerdos.\",\"breadcrumb\":{\"@id\":\"https:\\\/\\\/estudicraspedia.com\\\/sobre-mi\\\/#breadcrumb\"},\"inLanguage\":\"es\",\"potentialAction\":[{\"@type\":\"ReadAction\",\"target\":[\"https:\\\/\\\/estudicraspedia.com\\\/sobre-mi\\\/\"]}]},{\"@type\":\"ImageObject\",\"inLanguage\":\"es\",\"@id\":\"https:\\\/\\\/estudicraspedia.com\\\/sobre-mi\\\/#primaryimage\",\"url\":\"https:\\\/\\\/estudicraspedia.com\\\/wp-content\\\/uploads\\\/2023\\\/09\\\/quisom_9_Shooting_St_Gregori-4-888x1024.jpg\",\"contentUrl\":\"https:\\\/\\\/estudicraspedia.com\\\/wp-content\\\/uploads\\\/2023\\\/09\\\/quisom_9_Shooting_St_Gregori-4-888x1024.jpg\"},{\"@type\":\"BreadcrumbList\",\"@id\":\"https:\\\/\\\/estudicraspedia.com\\\/sobre-mi\\\/#breadcrumb\",\"itemListElement\":[{\"@type\":\"ListItem\",\"position\":1,\"name\":\"Inici\",\"item\":\"https:\\\/\\\/estudicraspedia.com\\\/\"},{\"@type\":\"ListItem\",\"position\":2,\"name\":\"Sobre mi\"}]},{\"@type\":\"WebSite\",\"@id\":\"https:\\\/\\\/estudicraspedia.com\\\/#website\",\"url\":\"https:\\\/\\\/estudicraspedia.com\\\/\",\"name\":\"Estudi Craspedia\",\"description\":\"Estilisme floral per a casaments i esdeveniments a Girona i rodalies.\",\"publisher\":{\"@id\":\"https:\\\/\\\/estudicraspedia.com\\\/#organization\"},\"alternateName\":\"Craspedia\",\"potentialAction\":[{\"@type\":\"SearchAction\",\"target\":{\"@type\":\"EntryPoint\",\"urlTemplate\":\"https:\\\/\\\/estudicraspedia.com\\\/?s={search_term_string}\"},\"query-input\":{\"@type\":\"PropertyValueSpecification\",\"valueRequired\":true,\"valueName\":\"search_term_string\"}}],\"inLanguage\":\"es\"},{\"@type\":\"Organization\",\"@id\":\"https:\\\/\\\/estudicraspedia.com\\\/#organization\",\"name\":\"Estudi Craspedia\",\"url\":\"https:\\\/\\\/estudicraspedia.com\\\/\",\"logo\":{\"@type\":\"ImageObject\",\"inLanguage\":\"es\",\"@id\":\"https:\\\/\\\/estudicraspedia.com\\\/#\\\/schema\\\/logo\\\/image\\\/\",\"url\":\"https:\\\/\\\/estudicraspedia.com\\\/wp-content\\\/uploads\\\/2023\\\/09\\\/favion.svg\",\"contentUrl\":\"https:\\\/\\\/estudicraspedia.com\\\/wp-content\\\/uploads\\\/2023\\\/09\\\/favion.svg\",\"width\":83,\"height\":114,\"caption\":\"Estudi Craspedia\"},\"image\":{\"@id\":\"https:\\\/\\\/estudicraspedia.com\\\/#\\\/schema\\\/logo\\\/image\\\/\"},\"sameAs\":[\"https:\\\/\\\/www.facebook.com\\\/estudicraspedia\",\"https:\\\/\\\/www.pinterest.es\\\/estudicraspedia\\\/\"]}]}<\/script>\n<!-- \/ Yoast SEO plugin. -->","yoast_head_json":{"title":"Sobre mi | Estudi Craspedia","description":"Sostenibilidad, arquitectura y est\u00e9tica natural. La uni\u00f3n de mis pasiones, conocimientos y habilidades, por emocionar y crear recuerdos.","robots":{"index":"index","follow":"follow","max-snippet":"max-snippet:-1","max-image-preview":"max-image-preview:large","max-video-preview":"max-video-preview:-1"},"canonical":"https:\/\/estudicraspedia.com\/sobre-mi\/","og_locale":"es_ES","og_type":"article","og_title":"Sobre mi | Estudi Craspedia","og_description":"Sostenibilidad, arquitectura y est\u00e9tica natural. La uni\u00f3n de mis pasiones, conocimientos y habilidades, por emocionar y crear recuerdos.","og_url":"https:\/\/estudicraspedia.com\/sobre-mi\/","og_site_name":"Estudi Craspedia","article_publisher":"https:\/\/www.facebook.com\/estudicraspedia","article_modified_time":"2023-11-23T10:31:19+00:00","og_image":[{"url":"https:\/\/estudicraspedia.com\/wp-content\/uploads\/2023\/09\/quisom_9_Shooting_St_Gregori-4-888x1024.jpg","type":"","width":"","height":""}],"twitter_card":"summary_large_image","twitter_misc":{"Tiempo de lectura":"1 minuto"},"schema":{"@context":"https:\/\/schema.org","@graph":[{"@type":"WebPage","@id":"https:\/\/estudicraspedia.com\/sobre-mi\/","url":"https:\/\/estudicraspedia.com\/sobre-mi\/","name":"Sobre mi | Estudi Craspedia","isPartOf":{"@id":"https:\/\/estudicraspedia.com\/#website"},"primaryImageOfPage":{"@id":"https:\/\/estudicraspedia.com\/sobre-mi\/#primaryimage"},"image":{"@id":"https:\/\/estudicraspedia.com\/sobre-mi\/#primaryimage"},"thumbnailUrl":"https:\/\/estudicraspedia.com\/wp-content\/uploads\/2023\/09\/quisom_9_Shooting_St_Gregori-4-888x1024.jpg","datePublished":"2023-09-04T08:10:38+00:00","dateModified":"2023-11-23T10:31:19+00:00","description":"Sostenibilidad, arquitectura y est\u00e9tica natural. La uni\u00f3n de mis pasiones, conocimientos y habilidades, por emocionar y crear recuerdos.","breadcrumb":{"@id":"https:\/\/estudicraspedia.com\/sobre-mi\/#breadcrumb"},"inLanguage":"es","potentialAction":[{"@type":"ReadAction","target":["https:\/\/estudicraspedia.com\/sobre-mi\/"]}]},{"@type":"ImageObject","inLanguage":"es","@id":"https:\/\/estudicraspedia.com\/sobre-mi\/#primaryimage","url":"https:\/\/estudicraspedia.com\/wp-content\/uploads\/2023\/09\/quisom_9_Shooting_St_Gregori-4-888x1024.jpg","contentUrl":"https:\/\/estudicraspedia.com\/wp-content\/uploads\/2023\/09\/quisom_9_Shooting_St_Gregori-4-888x1024.jpg"},{"@type":"BreadcrumbList","@id":"https:\/\/estudicraspedia.com\/sobre-mi\/#breadcrumb","itemListElement":[{"@type":"ListItem","position":1,"name":"Inici","item":"https:\/\/estudicraspedia.com\/"},{"@type":"ListItem","position":2,"name":"Sobre mi"}]},{"@type":"WebSite","@id":"https:\/\/estudicraspedia.com\/#website","url":"https:\/\/estudicraspedia.com\/","name":"Estudi Craspedia","description":"Estilisme floral per a casaments i esdeveniments a Girona i rodalies.","publisher":{"@id":"https:\/\/estudicraspedia.com\/#organization"},"alternateName":"Craspedia","potentialAction":[{"@type":"SearchAction","target":{"@type":"EntryPoint","urlTemplate":"https:\/\/estudicraspedia.com\/?s={search_term_string}"},"query-input":{"@type":"PropertyValueSpecification","valueRequired":true,"valueName":"search_term_string"}}],"inLanguage":"es"},{"@type":"Organization","@id":"https:\/\/estudicraspedia.com\/#organization","name":"Estudi Craspedia","url":"https:\/\/estudicraspedia.com\/","logo":{"@type":"ImageObject","inLanguage":"es","@id":"https:\/\/estudicraspedia.com\/#\/schema\/logo\/image\/","url":"https:\/\/estudicraspedia.com\/wp-content\/uploads\/2023\/09\/favion.svg","contentUrl":"https:\/\/estudicraspedia.com\/wp-content\/uploads\/2023\/09\/favion.svg","width":83,"height":114,"caption":"Estudi Craspedia"},"image":{"@id":"https:\/\/estudicraspedia.com\/#\/schema\/logo\/image\/"},"sameAs":["https:\/\/www.facebook.com\/estudicraspedia","https:\/\/www.pinterest.es\/estudicraspedia\/"]}]}},"_links":{"self":[{"href":"https:\/\/estudicraspedia.com\/es\/wp-json\/wp\/v2\/pages\/1371","targetHints":{"allow":["GET"]}}],"collection":[{"href":"https:\/\/estudicraspedia.com\/es\/wp-json\/wp\/v2\/pages"}],"about":[{"href":"https:\/\/estudicraspedia.com\/es\/wp-json\/wp\/v2\/types\/page"}],"author":[{"embeddable":true,"href":"https:\/\/estudicraspedia.com\/es\/wp-json\/wp\/v2\/users\/1"}],"replies":[{"embeddable":true,"href":"https:\/\/estudicraspedia.com\/es\/wp-json\/wp\/v2\/comments?post=1371"}],"version-history":[{"count":18,"href":"https:\/\/estudicraspedia.com\/es\/wp-json\/wp\/v2\/pages\/1371\/revisions"}],"predecessor-version":[{"id":1711,"href":"https:\/\/estudicraspedia.com\/es\/wp-json\/wp\/v2\/pages\/1371\/revisions\/1711"}],"wp:attachment":[{"href":"https:\/\/estudicraspedia.com\/es\/wp-json\/wp\/v2\/media?parent=1371"}],"curies":[{"name":"wp","href":"https:\/\/api.w.org\/{rel}","templated":true}]}}