{"id":1389,"date":"2023-09-12T08:52:40","date_gmt":"2023-09-12T06:52:40","guid":{"rendered":"https:\/\/estudicraspedia.com\/dev\/contacto\/"},"modified":"2023-10-16T20:00:59","modified_gmt":"2023-10-16T18:00:59","slug":"contacto","status":"publish","type":"page","link":"https:\/\/estudicraspedia.com\/es\/contacto\/","title":{"rendered":"Contacto"},"content":{"rendered":"\t\t<div data-elementor-type=\"wp-page\" data-elementor-id=\"1389\" class=\"elementor elementor-1389 elementor-227\" data-elementor-post-type=\"page\">\n\t\t\t\t<div class=\"elementor-element elementor-element-b27b8de e-flex e-con-boxed e-con e-parent\" data-id=\"b27b8de\" data-element_type=\"container\" data-e-type=\"container\">\n\t\t\t\t\t<div class=\"e-con-inner\">\n\t\t\t\t<div class=\"elementor-element elementor-element-0a9fe4b elementor-widget__width-initial elementor-widget elementor-widget-heading\" data-id=\"0a9fe4b\" data-element_type=\"widget\" data-e-type=\"widget\" data-widget_type=\"heading.default\">\n\t\t\t\t<div class=\"elementor-widget-container\">\n\t\t\t\t\t<h1 class=\"elementor-heading-title elementor-size-default\">\u00bfTe ayudamos a decorar tu boda o evento? \u00a1Escr\u00edbenos, queremos saber de ti!<\/h1>\t\t\t\t<\/div>\n\t\t\t\t<\/div>\n\t\t<div class=\"elementor-element elementor-element-a2314c9 e-flex e-con-boxed e-con e-child\" data-id=\"a2314c9\" data-element_type=\"container\" data-e-type=\"container\">\n\t\t\t\t\t<div class=\"e-con-inner\">\n\t\t\t\t<div class=\"elementor-element elementor-element-3a15d47 elementor-widget__width-initial elementor-button-align-stretch elementor-widget elementor-widget-form\" data-id=\"3a15d47\" data-element_type=\"widget\" data-e-type=\"widget\" data-settings=\"{&quot;step_next_label&quot;:&quot;Next&quot;,&quot;step_previous_label&quot;:&quot;Previous&quot;,&quot;button_width&quot;:&quot;100&quot;,&quot;step_type&quot;:&quot;number_text&quot;,&quot;step_icon_shape&quot;:&quot;circle&quot;}\" data-widget_type=\"form.default\">\n\t\t\t\t<div class=\"elementor-widget-container\">\n\t\t\t\t\t\t\t<form class=\"elementor-form\" method=\"post\" name=\"Nuevo formulario\" aria-label=\"Nuevo formulario\">\n\t\t\t<input type=\"hidden\" name=\"post_id\" value=\"1389\"\/>\n\t\t\t<input type=\"hidden\" name=\"form_id\" value=\"3a15d47\"\/>\n\t\t\t<input type=\"hidden\" name=\"referer_title\" value=\"Contacto | Estudi Craspedia\" \/>\n\n\t\t\t\t\t\t\t<input type=\"hidden\" name=\"queried_id\" value=\"1389\"\/>\n\t\t\t\n\t\t\t<div class=\"elementor-form-fields-wrapper elementor-labels-\">\n\t\t\t\t\t\t\t\t<div class=\"elementor-field-type-text elementor-field-group elementor-column elementor-field-group-name elementor-col-50 elementor-field-required\">\n\t\t\t\t\t\t\t\t\t\t\t\t\t<input size=\"1\" type=\"text\" name=\"form_fields[name]\" id=\"form-field-name\" class=\"elementor-field elementor-size-md  elementor-field-textual\" placeholder=\"Nombre*\" required=\"required\">\n\t\t\t\t\t\t\t\t\t\t\t<\/div>\n\t\t\t\t\t\t\t\t<div class=\"elementor-field-type-email elementor-field-group elementor-column elementor-field-group-email elementor-col-50 elementor-field-required\">\n\t\t\t\t\t\t\t\t\t\t\t\t\t<input size=\"1\" type=\"email\" name=\"form_fields[email]\" id=\"form-field-email\" class=\"elementor-field elementor-size-md  elementor-field-textual\" placeholder=\"Correo electr\u00f3nico*\" required=\"required\">\n\t\t\t\t\t\t\t\t\t\t\t<\/div>\n\t\t\t\t\t\t\t\t<div class=\"elementor-field-type-select elementor-field-group elementor-column elementor-field-group-field_9718a4a elementor-col-100 elementor-field-required\">\n\t\t\t\t\t\t\t\t\t\t\t\t<label for=\"form-field-field_9718a4a\" class=\"elementor-field-label elementor-screen-only\">\n\t\t\t\t\t\t\t\tTipo de servicio\t\t\t\t\t\t\t<\/label>\n\t\t\t\t\t\t\t\t<div class=\"elementor-field elementor-select-wrapper remove-before \">\n\t\t\t<div class=\"select-caret-down-wrapper\">\n\t\t\t\t<svg aria-hidden=\"true\" class=\"e-font-icon-svg e-eicon-caret-down\" viewBox=\"0 0 571.4 571.4\" xmlns=\"http:\/\/www.w3.org\/2000\/svg\"><path d=\"M571 393Q571 407 561 418L311 668Q300 679 286 679T261 668L11 418Q0 407 0 393T11 368 36 357H536Q550 357 561 368T571 393Z\"><\/path><\/svg>\t\t\t<\/div>\n\t\t\t<select name=\"form_fields[field_9718a4a]\" id=\"form-field-field_9718a4a\" class=\"elementor-field-textual elementor-size-md\" required=\"required\">\n\t\t\t\t\t\t\t\t\t<option value=\"\">Tipo de servicio <\/option>\n\t\t\t\t\t\t\t\t\t<option value=\"Boda\">Boda<\/option>\n\t\t\t\t\t\t\t\t\t<option value=\"Editorial\">Editorial<\/option>\n\t\t\t\t\t\t\t\t\t<option value=\"Personal\">Personal<\/option>\n\t\t\t\t\t\t\t<\/select>\n\t\t<\/div>\n\t\t\t\t\t\t<\/div>\n\t\t\t\t\t\t\t\t<div class=\"elementor-field-type-textarea elementor-field-group elementor-column elementor-field-group-message elementor-col-100 elementor-field-required\">\n\t\t\t\t\t<textarea class=\"elementor-field-textual elementor-field  elementor-size-md\" name=\"form_fields[message]\" id=\"form-field-message\" rows=\"4\" placeholder=\"Mensaje\" required=\"required\"><\/textarea>\t\t\t\t<\/div>\n\t\t\t\t\t\t\t\t<div class=\"elementor-field-type-acceptance elementor-field-group elementor-column elementor-field-group-field_4dfc956 elementor-col-100 elementor-field-required\">\n\t\t\t\t\t\t\t<div class=\"elementor-field-subgroup\">\n\t\t\t<span class=\"elementor-field-option\">\n\t\t\t\t<input type=\"checkbox\" name=\"form_fields[field_4dfc956]\" id=\"form-field-field_4dfc956\" class=\"elementor-field elementor-size-md  elementor-acceptance-field\" required=\"required\">\n\t\t\t\t<label for=\"form-field-field_4dfc956\">He le\u00eddo, entendido y acepto la <a href=\"https:\/\/estudicraspedia.com\/es\/politica-de-privacidad\/\"> pol\u00edtica de privacidad <\/a> y <a href=\"https:\/\/estudicraspedia.com\/es\/aviso-legal\/\"> aviso legal<\/a> del sitio web.<\/label>\t\t\t<\/span>\n\t\t<\/div>\n\t\t\t\t\t\t<\/div>\n\t\t\t\t\t\t\t\t<div class=\"elementor-field-type-recaptcha_v3 elementor-field-group elementor-column elementor-field-group-field_033a4d9 elementor-col-100 recaptcha_v3-bottomright\">\n\t\t\t\t\t<div class=\"elementor-field\" id=\"form-field-field_033a4d9\"><div class=\"elementor-g-recaptcha\" data-sitekey=\"6LeTnFQoAAAAAIr3f2hFPwjnziNXx3MVQi52nptq\" data-type=\"v3\" data-action=\"Form\" data-badge=\"bottomright\" data-size=\"invisible\"><\/div><\/div>\t\t\t\t<\/div>\n\t\t\t\t\t\t\t\t<div class=\"elementor-field-group elementor-column elementor-field-type-submit elementor-col-100 e-form__buttons\">\n\t\t\t\t\t<button class=\"elementor-button elementor-size-xs\" type=\"submit\">\n\t\t\t\t\t\t<span class=\"elementor-button-content-wrapper\">\n\t\t\t\t\t\t\t\t\t\t\t\t\t\t\t\t\t\t\t\t\t\t<span class=\"elementor-button-text\">Enviar<\/span>\n\t\t\t\t\t\t\t\t\t\t\t\t\t<\/span>\n\t\t\t\t\t<\/button>\n\t\t\t\t<\/div>\n\t\t\t<\/div>\n\t\t<\/form>\n\t\t\t\t\t\t<\/div>\n\t\t\t\t<\/div>\n\t\t\t\t\t<\/div>\n\t\t\t\t<\/div>\n\t\t\t\t<div class=\"elementor-element elementor-element-2f3f073 elementor-widget elementor-widget-text-editor\" data-id=\"2f3f073\" data-element_type=\"widget\" data-e-type=\"widget\" data-widget_type=\"text-editor.default\">\n\t\t\t\t<div class=\"elementor-widget-container\">\n\t\t\t\t\t\t\t\t\t<p>Si necesitas m\u00e1s informaci\u00f3n nos puedes contactar en <a href=\"mailto:info@estudicraspedia.com\">info@estudicraspedia.com<\/a> o ll\u00e1manos al <a href=\"tel:+34 613 01 63 35\">+34 613 01 63 35<\/a><\/p>\n\t\t\t\t\t\t\t\t<\/div>\n\t\t\t\t<\/div>\n\t\t\t\t<div class=\"elementor-element elementor-element-a9ce746 elementor-nav-menu--dropdown-none elementor-widget elementor-widget-nav-menu\" data-id=\"a9ce746\" data-element_type=\"widget\" data-e-type=\"widget\" data-settings=\"{&quot;layout&quot;:&quot;horizontal&quot;,&quot;submenu_icon&quot;:{&quot;value&quot;:&quot;&lt;svg aria-hidden=\\&quot;true\\&quot; class=\\&quot;e-font-icon-svg e-fas-caret-down\\&quot; viewBox=\\&quot;0 0 320 512\\&quot; xmlns=\\&quot;http:\\\/\\\/www.w3.org\\\/2000\\\/svg\\&quot;&gt;&lt;path d=\\&quot;M31.3 192h257.3c17.8 0 26.7 21.5 14.1 34.1L174.1 354.8c-7.8 7.8-20.5 7.8-28.3 0L17.2 226.1C4.6 213.5 13.5 192 31.3 192z\\&quot;&gt;&lt;\\\/path&gt;&lt;\\\/svg&gt;&quot;,&quot;library&quot;:&quot;fa-solid&quot;}}\" data-widget_type=\"nav-menu.default\">\n\t\t\t\t<div class=\"elementor-widget-container\">\n\t\t\t\t\t\t\t\t<nav aria-label=\"Men\u00fa\" class=\"elementor-nav-menu--main elementor-nav-menu__container elementor-nav-menu--layout-horizontal e--pointer-none\">\n\t\t\t\t<ul id=\"menu-1-a9ce746\" class=\"elementor-nav-menu\"><li class=\"menu-item menu-item-type-custom menu-item-object-custom menu-item-1486\"><a href=\"https:\/\/www.instagram.com\/estudicraspedia\/\" class=\"elementor-item\">Instagram<\/a><\/li>\n<li class=\"menu-item menu-item-type-custom menu-item-object-custom menu-item-1487\"><a href=\"https:\/\/www.pinterest.es\/estudicraspedia\/\" class=\"elementor-item\">Pinterest<\/a><\/li>\n<\/ul>\t\t\t<\/nav>\n\t\t\t\t\t\t<nav class=\"elementor-nav-menu--dropdown elementor-nav-menu__container\" aria-hidden=\"true\">\n\t\t\t\t<ul id=\"menu-2-a9ce746\" class=\"elementor-nav-menu\"><li class=\"menu-item menu-item-type-custom menu-item-object-custom menu-item-1486\"><a href=\"https:\/\/www.instagram.com\/estudicraspedia\/\" class=\"elementor-item\" tabindex=\"-1\">Instagram<\/a><\/li>\n<li class=\"menu-item menu-item-type-custom menu-item-object-custom menu-item-1487\"><a href=\"https:\/\/www.pinterest.es\/estudicraspedia\/\" class=\"elementor-item\" tabindex=\"-1\">Pinterest<\/a><\/li>\n<\/ul>\t\t\t<\/nav>\n\t\t\t\t\t\t<\/div>\n\t\t\t\t<\/div>\n\t\t\t\t\t<\/div>\n\t\t\t\t<\/div>\n\t\t<div class=\"elementor-element elementor-element-f0ce6ba e-con-full e-flex e-con e-parent\" data-id=\"f0ce6ba\" data-element_type=\"container\" data-e-type=\"container\" data-settings=\"{&quot;background_background&quot;:&quot;classic&quot;}\">\n\t\t\t\t<\/div>\n\t\t\t\t<\/div>\n\t\t","protected":false},"excerpt":{"rendered":"<p>\u00bfTe ayudamos a decorar tu boda o evento? \u00a1Escr\u00edbenos, queremos saber de ti! Si necesitas m\u00e1s informaci\u00f3n nos puedes contactar en info@estudicraspedia.com o ll\u00e1manos al +34 613 01 63 35<\/p>\n","protected":false},"author":1,"featured_media":0,"parent":0,"menu_order":0,"comment_status":"closed","ping_status":"closed","template":"","meta":{"_acf_changed":false,"footnotes":""},"class_list":["post-1389","page","type-page","status-publish","hentry"],"acf":[],"yoast_head":"<!-- This site is optimized with the Yoast SEO plugin v27.3 - https:\/\/yoast.com\/product\/yoast-seo-wordpress\/ -->\n<title>Contacto | Estudi Craspedia<\/title>\n<meta name=\"robots\" content=\"index, follow, max-snippet:-1, max-image-preview:large, max-video-preview:-1\" \/>\n<link rel=\"canonical\" href=\"https:\/\/estudicraspedia.com\/contacte\/\" \/>\n<meta property=\"og:locale\" content=\"es_ES\" \/>\n<meta property=\"og:type\" content=\"article\" \/>\n<meta property=\"og:title\" content=\"Contacto | Estudi Craspedia\" \/>\n<meta property=\"og:description\" content=\"\u00bfTe ayudamos a decorar tu boda o evento? \u00a1Escr\u00edbenos, queremos saber de ti! Si necesitas m\u00e1s informaci\u00f3n nos puedes contactar en info@estudicraspedia.com o ll\u00e1manos al +34 613 01 63 35\" \/>\n<meta property=\"og:url\" content=\"https:\/\/estudicraspedia.com\/contacte\/\" \/>\n<meta property=\"og:site_name\" content=\"Estudi Craspedia\" \/>\n<meta property=\"article:publisher\" content=\"https:\/\/www.facebook.com\/estudicraspedia\" \/>\n<meta property=\"article:modified_time\" content=\"2023-10-16T18:00:59+00:00\" \/>\n<meta property=\"og:image\" content=\"https:\/\/estudicraspedia.com\/wp-content\/uploads\/2023\/09\/05_editorial_Shooting_MariaRoca_Craspedia_245.jpg\" \/>\n\t<meta property=\"og:image:width\" content=\"1200\" \/>\n\t<meta property=\"og:image:height\" content=\"801\" \/>\n\t<meta property=\"og:image:type\" content=\"image\/jpeg\" \/>\n<meta name=\"twitter:card\" content=\"summary_large_image\" \/>\n<script type=\"application\/ld+json\" class=\"yoast-schema-graph\">{\"@context\":\"https:\\\/\\\/schema.org\",\"@graph\":[{\"@type\":\"WebPage\",\"@id\":\"https:\\\/\\\/estudicraspedia.com\\\/contacte\\\/\",\"url\":\"https:\\\/\\\/estudicraspedia.com\\\/contacte\\\/\",\"name\":\"Contacto | Estudi Craspedia\",\"isPartOf\":{\"@id\":\"https:\\\/\\\/estudicraspedia.com\\\/#website\"},\"datePublished\":\"2023-09-12T06:52:40+00:00\",\"dateModified\":\"2023-10-16T18:00:59+00:00\",\"breadcrumb\":{\"@id\":\"https:\\\/\\\/estudicraspedia.com\\\/contacte\\\/#breadcrumb\"},\"inLanguage\":\"es\",\"potentialAction\":[{\"@type\":\"ReadAction\",\"target\":[\"https:\\\/\\\/estudicraspedia.com\\\/contacte\\\/\"]}]},{\"@type\":\"BreadcrumbList\",\"@id\":\"https:\\\/\\\/estudicraspedia.com\\\/contacte\\\/#breadcrumb\",\"itemListElement\":[{\"@type\":\"ListItem\",\"position\":1,\"name\":\"Inici\",\"item\":\"https:\\\/\\\/estudicraspedia.com\\\/\"},{\"@type\":\"ListItem\",\"position\":2,\"name\":\"Contacto\"}]},{\"@type\":\"WebSite\",\"@id\":\"https:\\\/\\\/estudicraspedia.com\\\/#website\",\"url\":\"https:\\\/\\\/estudicraspedia.com\\\/\",\"name\":\"Estudi Craspedia\",\"description\":\"Estilisme floral per a casaments i esdeveniments a Girona i rodalies.\",\"publisher\":{\"@id\":\"https:\\\/\\\/estudicraspedia.com\\\/#organization\"},\"alternateName\":\"Craspedia\",\"potentialAction\":[{\"@type\":\"SearchAction\",\"target\":{\"@type\":\"EntryPoint\",\"urlTemplate\":\"https:\\\/\\\/estudicraspedia.com\\\/?s={search_term_string}\"},\"query-input\":{\"@type\":\"PropertyValueSpecification\",\"valueRequired\":true,\"valueName\":\"search_term_string\"}}],\"inLanguage\":\"es\"},{\"@type\":\"Organization\",\"@id\":\"https:\\\/\\\/estudicraspedia.com\\\/#organization\",\"name\":\"Estudi Craspedia\",\"url\":\"https:\\\/\\\/estudicraspedia.com\\\/\",\"logo\":{\"@type\":\"ImageObject\",\"inLanguage\":\"es\",\"@id\":\"https:\\\/\\\/estudicraspedia.com\\\/#\\\/schema\\\/logo\\\/image\\\/\",\"url\":\"https:\\\/\\\/estudicraspedia.com\\\/wp-content\\\/uploads\\\/2023\\\/09\\\/favion.svg\",\"contentUrl\":\"https:\\\/\\\/estudicraspedia.com\\\/wp-content\\\/uploads\\\/2023\\\/09\\\/favion.svg\",\"width\":83,\"height\":114,\"caption\":\"Estudi Craspedia\"},\"image\":{\"@id\":\"https:\\\/\\\/estudicraspedia.com\\\/#\\\/schema\\\/logo\\\/image\\\/\"},\"sameAs\":[\"https:\\\/\\\/www.facebook.com\\\/estudicraspedia\",\"https:\\\/\\\/www.pinterest.es\\\/estudicraspedia\\\/\"]}]}<\/script>\n<!-- \/ Yoast SEO plugin. -->","yoast_head_json":{"title":"Contacto | Estudi Craspedia","robots":{"index":"index","follow":"follow","max-snippet":"max-snippet:-1","max-image-preview":"max-image-preview:large","max-video-preview":"max-video-preview:-1"},"canonical":"https:\/\/estudicraspedia.com\/contacte\/","og_locale":"es_ES","og_type":"article","og_title":"Contacto | Estudi Craspedia","og_description":"\u00bfTe ayudamos a decorar tu boda o evento? \u00a1Escr\u00edbenos, queremos saber de ti! Si necesitas m\u00e1s informaci\u00f3n nos puedes contactar en info@estudicraspedia.com o ll\u00e1manos al +34 613 01 63 35","og_url":"https:\/\/estudicraspedia.com\/contacte\/","og_site_name":"Estudi Craspedia","article_publisher":"https:\/\/www.facebook.com\/estudicraspedia","article_modified_time":"2023-10-16T18:00:59+00:00","og_image":[{"width":1200,"height":801,"url":"https:\/\/estudicraspedia.com\/wp-content\/uploads\/2023\/09\/05_editorial_Shooting_MariaRoca_Craspedia_245.jpg","type":"image\/jpeg"}],"twitter_card":"summary_large_image","schema":{"@context":"https:\/\/schema.org","@graph":[{"@type":"WebPage","@id":"https:\/\/estudicraspedia.com\/contacte\/","url":"https:\/\/estudicraspedia.com\/contacte\/","name":"Contacto | Estudi Craspedia","isPartOf":{"@id":"https:\/\/estudicraspedia.com\/#website"},"datePublished":"2023-09-12T06:52:40+00:00","dateModified":"2023-10-16T18:00:59+00:00","breadcrumb":{"@id":"https:\/\/estudicraspedia.com\/contacte\/#breadcrumb"},"inLanguage":"es","potentialAction":[{"@type":"ReadAction","target":["https:\/\/estudicraspedia.com\/contacte\/"]}]},{"@type":"BreadcrumbList","@id":"https:\/\/estudicraspedia.com\/contacte\/#breadcrumb","itemListElement":[{"@type":"ListItem","position":1,"name":"Inici","item":"https:\/\/estudicraspedia.com\/"},{"@type":"ListItem","position":2,"name":"Contacto"}]},{"@type":"WebSite","@id":"https:\/\/estudicraspedia.com\/#website","url":"https:\/\/estudicraspedia.com\/","name":"Estudi Craspedia","description":"Estilisme floral per a casaments i esdeveniments a Girona i rodalies.","publisher":{"@id":"https:\/\/estudicraspedia.com\/#organization"},"alternateName":"Craspedia","potentialAction":[{"@type":"SearchAction","target":{"@type":"EntryPoint","urlTemplate":"https:\/\/estudicraspedia.com\/?s={search_term_string}"},"query-input":{"@type":"PropertyValueSpecification","valueRequired":true,"valueName":"search_term_string"}}],"inLanguage":"es"},{"@type":"Organization","@id":"https:\/\/estudicraspedia.com\/#organization","name":"Estudi Craspedia","url":"https:\/\/estudicraspedia.com\/","logo":{"@type":"ImageObject","inLanguage":"es","@id":"https:\/\/estudicraspedia.com\/#\/schema\/logo\/image\/","url":"https:\/\/estudicraspedia.com\/wp-content\/uploads\/2023\/09\/favion.svg","contentUrl":"https:\/\/estudicraspedia.com\/wp-content\/uploads\/2023\/09\/favion.svg","width":83,"height":114,"caption":"Estudi Craspedia"},"image":{"@id":"https:\/\/estudicraspedia.com\/#\/schema\/logo\/image\/"},"sameAs":["https:\/\/www.facebook.com\/estudicraspedia","https:\/\/www.pinterest.es\/estudicraspedia\/"]}]}},"_links":{"self":[{"href":"https:\/\/estudicraspedia.com\/es\/wp-json\/wp\/v2\/pages\/1389","targetHints":{"allow":["GET"]}}],"collection":[{"href":"https:\/\/estudicraspedia.com\/es\/wp-json\/wp\/v2\/pages"}],"about":[{"href":"https:\/\/estudicraspedia.com\/es\/wp-json\/wp\/v2\/types\/page"}],"author":[{"embeddable":true,"href":"https:\/\/estudicraspedia.com\/es\/wp-json\/wp\/v2\/users\/1"}],"replies":[{"embeddable":true,"href":"https:\/\/estudicraspedia.com\/es\/wp-json\/wp\/v2\/comments?post=1389"}],"version-history":[{"count":9,"href":"https:\/\/estudicraspedia.com\/es\/wp-json\/wp\/v2\/pages\/1389\/revisions"}],"predecessor-version":[{"id":1682,"href":"https:\/\/estudicraspedia.com\/es\/wp-json\/wp\/v2\/pages\/1389\/revisions\/1682"}],"wp:attachment":[{"href":"https:\/\/estudicraspedia.com\/es\/wp-json\/wp\/v2\/media?parent=1389"}],"curies":[{"name":"wp","href":"https:\/\/api.w.org\/{rel}","templated":true}]}}